{"id":81,"date":"2021-08-20T20:21:23","date_gmt":"2021-08-20T20:21:23","guid":{"rendered":"https:\/\/radioestacao69.com.br\/?page_id=81"},"modified":"2022-04-21T21:02:14","modified_gmt":"2022-04-21T21:02:14","slug":"noticias","status":"publish","type":"page","link":"https:\/\/www.estradarealfm.com.br\/909\/noticias\/","title":{"rendered":"Not\u00edcias"},"content":{"rendered":"\t\t<div data-elementor-type=\"wp-page\" data-elementor-id=\"81\" class=\"elementor elementor-81\" data-elementor-settings=\"[]\">\n\t\t\t\t\t\t<div class=\"elementor-inner\">\n\t\t\t\t\t\t\t<div class=\"elementor-section-wrap\">\n\t\t\t\t\t\t\t<section class=\"elementor-section elementor-top-section elementor-element elementor-element-d8c265d elementor-section-full_width elementor-section-stretched elementor-section-height-default elementor-section-height-default\" data-id=\"d8c265d\" data-element_type=\"section\" data-settings=\"{&quot;stretch_section&quot;:&quot;section-stretched&quot;,&quot;background_background&quot;:&quot;classic&quot;,&quot;_ha_eqh_enable&quot;:false}\">\n\t\t\t\t\t\t<div class=\"elementor-container elementor-column-gap-default\">\n\t\t\t\t\t\t\t<div class=\"elementor-row\">\n\t\t\t\t\t<div class=\"elementor-column elementor-col-33 elementor-top-column elementor-element elementor-element-7ca8d8c\" data-id=\"7ca8d8c\" data-element_type=\"column\">\n\t\t\t<div class=\"elementor-column-wrap\">\n\t\t\t\t\t\t\t<div class=\"elementor-widget-wrap\">\n\t\t\t\t\t\t\t\t<\/div>\n\t\t\t\t\t<\/div>\n\t\t<\/div>\n\t\t\t\t<div class=\"elementor-column elementor-col-33 elementor-top-column elementor-element elementor-element-d93facf\" data-id=\"d93facf\" data-element_type=\"column\">\n\t\t\t<div class=\"elementor-column-wrap elementor-element-populated\">\n\t\t\t\t\t\t\t<div class=\"elementor-widget-wrap\">\n\t\t\t\t\t\t<div class=\"elementor-element elementor-element-8319ba4 elementor-widget elementor-widget-heading\" data-id=\"8319ba4\" data-element_type=\"widget\" data-widget_type=\"heading.default\">\n\t\t\t\t<div class=\"elementor-widget-container\">\n\t\t\t<h4 class=\"elementor-heading-title elementor-size-default\">Not\u00edcias<\/h4>\t\t<\/div>\n\t\t\t\t<\/div>\n\t\t\t\t\t\t<\/div>\n\t\t\t\t\t<\/div>\n\t\t<\/div>\n\t\t\t\t<div class=\"elementor-column elementor-col-33 elementor-top-column elementor-element elementor-element-14f1729\" data-id=\"14f1729\" data-element_type=\"column\">\n\t\t\t<div class=\"elementor-column-wrap\">\n\t\t\t\t\t\t\t<div class=\"elementor-widget-wrap\">\n\t\t\t\t\t\t\t\t<\/div>\n\t\t\t\t\t<\/div>\n\t\t<\/div>\n\t\t\t\t\t\t\t\t<\/div>\n\t\t\t\t\t<\/div>\n\t\t<\/section>\n\t\t\t\t<section class=\"elementor-section elementor-top-section elementor-element elementor-element-252e126 elementor-section-full_width elementor-section-stretched elementor-section-height-default elementor-section-height-default\" data-id=\"252e126\" data-element_type=\"section\" data-settings=\"{&quot;stretch_section&quot;:&quot;section-stretched&quot;,&quot;_ha_eqh_enable&quot;:false}\">\n\t\t\t\t\t\t<div class=\"elementor-container elementor-column-gap-default\">\n\t\t\t\t\t\t\t<div class=\"elementor-row\">\n\t\t\t\t\t<div class=\"elementor-column elementor-col-33 elementor-top-column elementor-element elementor-element-07befb9\" data-id=\"07befb9\" data-element_type=\"column\">\n\t\t\t<div class=\"elementor-column-wrap\">\n\t\t\t\t\t\t\t<div class=\"elementor-widget-wrap\">\n\t\t\t\t\t\t\t\t<\/div>\n\t\t\t\t\t<\/div>\n\t\t<\/div>\n\t\t\t\t<div class=\"elementor-column elementor-col-33 elementor-top-column elementor-element elementor-element-b82a693\" data-id=\"b82a693\" data-element_type=\"column\">\n\t\t\t<div class=\"elementor-column-wrap elementor-element-populated\">\n\t\t\t\t\t\t\t<div class=\"elementor-widget-wrap\">\n\t\t\t\t\t\t<div class=\"elementor-element elementor-element-9a62178 elementor-grid-3 elementor-grid-tablet-2 elementor-grid-mobile-1 elementor-posts--thumbnail-top elementor-widget elementor-widget-posts\" data-id=\"9a62178\" data-element_type=\"widget\" data-settings=\"{&quot;pagination_type&quot;:&quot;prev_next&quot;,&quot;classic_columns&quot;:&quot;3&quot;,&quot;classic_columns_tablet&quot;:&quot;2&quot;,&quot;classic_columns_mobile&quot;:&quot;1&quot;,&quot;classic_row_gap&quot;:{&quot;unit&quot;:&quot;px&quot;,&quot;size&quot;:35,&quot;sizes&quot;:[]}}\" data-widget_type=\"posts.classic\">\n\t\t\t\t<div class=\"elementor-widget-container\">\n\t\t\t\t\t<div class=\"elementor-posts-container elementor-posts elementor-posts--skin-classic elementor-grid\">\n\t\t\t\t<article class=\"elementor-post elementor-grid-item post-1301 post type-post status-publish format-standard has-post-thumbnail hentry category-noticias\">\n\t\t\t\t<a class=\"elementor-post__thumbnail__link\" href=\"https:\/\/www.estradarealfm.com.br\/909\/enem-2021-neurocientista-da-dicas-do-que-fazer-para-se-preparar-proximo-ao-dia-da-prova\/\" >\n\t\t\t<div class=\"elementor-post__thumbnail\"><img width=\"1000\" height=\"667\" src=\"https:\/\/www.estradarealfm.com.br\/909\/wp-content\/uploads\/2022\/04\/ac74c6278a63c7f44c495cb091b7fd14.jpg\" class=\"attachment-full size-full\" alt=\"\" loading=\"lazy\" srcset=\"https:\/\/www.estradarealfm.com.br\/909\/wp-content\/uploads\/2022\/04\/ac74c6278a63c7f44c495cb091b7fd14.jpg 1000w, https:\/\/www.estradarealfm.com.br\/909\/wp-content\/uploads\/2022\/04\/ac74c6278a63c7f44c495cb091b7fd14-300x200.jpg 300w, https:\/\/www.estradarealfm.com.br\/909\/wp-content\/uploads\/2022\/04\/ac74c6278a63c7f44c495cb091b7fd14-768x512.jpg 768w\" sizes=\"(max-width: 1000px) 100vw, 1000px\" \/><\/div>\n\t\t<\/a>\n\t\t\t\t<div class=\"elementor-post__text\">\n\t\t\t\t<h3 class=\"elementor-post__title\">\n\t\t\t<a href=\"https:\/\/www.estradarealfm.com.br\/909\/enem-2021-neurocientista-da-dicas-do-que-fazer-para-se-preparar-proximo-ao-dia-da-prova\/\" >\n\t\t\t\tEnem 2021: Neurocientista d\u00e1 dicas do que fazer para se preparar pr\u00f3ximo ao dia da prova\t\t\t<\/a>\n\t\t<\/h3>\n\t\t\t\t<div class=\"elementor-post__meta-data\">\n\t\t\t\t\t<span class=\"elementor-post-date\">\n\t\t\tAbril 21, 2022\t\t<\/span>\n\t\t\t\t<span class=\"elementor-post-avatar\">\n\t\t\tSem coment\u00e1rios\t\t<\/span>\n\t\t\t\t<\/div>\n\t\t\t\t<div class=\"elementor-post__excerpt\">\n\t\t\t<p>Dr. Fabiano de Abreu, d\u00e1 dicas de como manter a mente e o corpo saud\u00e1veis para realiza\u00e7\u00e3o da prova mais aguardada do ano. Confira as dicas do especialista para fazer<\/p>\n\t\t<\/div>\n\t\t\t\t\t<a class=\"elementor-post__read-more\" href=\"https:\/\/www.estradarealfm.com.br\/909\/enem-2021-neurocientista-da-dicas-do-que-fazer-para-se-preparar-proximo-ao-dia-da-prova\/\" >\n\t\t\t\tLeia mais \u00bb\t\t\t<\/a>\n\t\t\t\t<\/div>\n\t\t\t\t<\/article>\n\t\t\t\t<article class=\"elementor-post elementor-grid-item post-1274 post type-post status-publish format-standard has-post-thumbnail hentry category-noticias\">\n\t\t\t\t<a class=\"elementor-post__thumbnail__link\" href=\"https:\/\/www.estradarealfm.com.br\/909\/sao-joao-del-rei-idoso-de-93-anos-e-resgatado-apos-26-anos-de-trabalho-analogo-a-escravidao\/\" >\n\t\t\t<div class=\"elementor-post__thumbnail\"><img width=\"1000\" height=\"600\" src=\"https:\/\/www.estradarealfm.com.br\/909\/wp-content\/uploads\/2022\/04\/e69e0c31367ab07bebb90f96d214ed67.jpg\" class=\"attachment-full size-full\" alt=\"\" loading=\"lazy\" srcset=\"https:\/\/www.estradarealfm.com.br\/909\/wp-content\/uploads\/2022\/04\/e69e0c31367ab07bebb90f96d214ed67.jpg 1000w, https:\/\/www.estradarealfm.com.br\/909\/wp-content\/uploads\/2022\/04\/e69e0c31367ab07bebb90f96d214ed67-300x180.jpg 300w, https:\/\/www.estradarealfm.com.br\/909\/wp-content\/uploads\/2022\/04\/e69e0c31367ab07bebb90f96d214ed67-768x461.jpg 768w\" sizes=\"(max-width: 1000px) 100vw, 1000px\" \/><\/div>\n\t\t<\/a>\n\t\t\t\t<div class=\"elementor-post__text\">\n\t\t\t\t<h3 class=\"elementor-post__title\">\n\t\t\t<a href=\"https:\/\/www.estradarealfm.com.br\/909\/sao-joao-del-rei-idoso-de-93-anos-e-resgatado-apos-26-anos-de-trabalho-analogo-a-escravidao\/\" >\n\t\t\t\tS\u00e3o Jo\u00e3o del-Rei: Idoso de 93 anos \u00e9 resgatado ap\u00f3s 26 anos de trabalho an\u00e1logo \u00e0 escravid\u00e3o\t\t\t<\/a>\n\t\t<\/h3>\n\t\t\t\t<div class=\"elementor-post__meta-data\">\n\t\t\t\t\t<span class=\"elementor-post-date\">\n\t\t\tAbril 21, 2022\t\t<\/span>\n\t\t\t\t<span class=\"elementor-post-avatar\">\n\t\t\tSem coment\u00e1rios\t\t<\/span>\n\t\t\t\t<\/div>\n\t\t\t\t<div class=\"elementor-post__excerpt\">\n\t\t\t<p>Homem viveu em situa\u00e7\u00e3o degradante e prec\u00e1ria por mais de duas d\u00e9cadas, at\u00e9 ser resgatado nesta quinta-feira (18). Ele trabalhava como caseiro da propriedade, sem carteira assinada, f\u00e9rias e 13\u00ba<\/p>\n\t\t<\/div>\n\t\t\t\t\t<a class=\"elementor-post__read-more\" href=\"https:\/\/www.estradarealfm.com.br\/909\/sao-joao-del-rei-idoso-de-93-anos-e-resgatado-apos-26-anos-de-trabalho-analogo-a-escravidao\/\" >\n\t\t\t\tLeia mais \u00bb\t\t\t<\/a>\n\t\t\t\t<\/div>\n\t\t\t\t<\/article>\n\t\t\t\t<article class=\"elementor-post elementor-grid-item post-1268 post type-post status-publish format-standard has-post-thumbnail hentry category-noticias\">\n\t\t\t\t<a class=\"elementor-post__thumbnail__link\" href=\"https:\/\/www.estradarealfm.com.br\/909\/lavras-policia-investiga-mais-de-250-lavrenses-suspeitos-de-integrarem-esquema-de-compra-de-cnh\/\" >\n\t\t\t<div class=\"elementor-post__thumbnail\"><img width=\"984\" height=\"577\" src=\"https:\/\/www.estradarealfm.com.br\/909\/wp-content\/uploads\/2022\/04\/9982498bbd1aa75c18653deefa26278b.jpg\" class=\"attachment-full size-full\" alt=\"\" loading=\"lazy\" srcset=\"https:\/\/www.estradarealfm.com.br\/909\/wp-content\/uploads\/2022\/04\/9982498bbd1aa75c18653deefa26278b.jpg 984w, https:\/\/www.estradarealfm.com.br\/909\/wp-content\/uploads\/2022\/04\/9982498bbd1aa75c18653deefa26278b-300x176.jpg 300w, https:\/\/www.estradarealfm.com.br\/909\/wp-content\/uploads\/2022\/04\/9982498bbd1aa75c18653deefa26278b-768x450.jpg 768w\" sizes=\"(max-width: 984px) 100vw, 984px\" \/><\/div>\n\t\t<\/a>\n\t\t\t\t<div class=\"elementor-post__text\">\n\t\t\t\t<h3 class=\"elementor-post__title\">\n\t\t\t<a href=\"https:\/\/www.estradarealfm.com.br\/909\/lavras-policia-investiga-mais-de-250-lavrenses-suspeitos-de-integrarem-esquema-de-compra-de-cnh\/\" >\n\t\t\t\tLavras: Pol\u00edcia investiga mais de 250 lavrenses suspeitos de integrarem esquema de compra de CNH\t\t\t<\/a>\n\t\t<\/h3>\n\t\t\t\t<div class=\"elementor-post__meta-data\">\n\t\t\t\t\t<span class=\"elementor-post-date\">\n\t\t\tAbril 21, 2022\t\t<\/span>\n\t\t\t\t<span class=\"elementor-post-avatar\">\n\t\t\tSem coment\u00e1rios\t\t<\/span>\n\t\t\t\t<\/div>\n\t\t\t\t<div class=\"elementor-post__excerpt\">\n\t\t\t<p>Ap\u00f3s opera\u00e7\u00e3o em Tr\u00eas Cora\u00e7\u00f5es nessa ter\u00e7a-feira (16), Pol\u00edcia Civil identifica mais de 250 lavrenses suspeitos de integrarem o esquema de compra da Carteira Nacional de Habilita\u00e7\u00e3o Opera\u00e7\u00e3o combate esquema<\/p>\n\t\t<\/div>\n\t\t\t\t\t<a class=\"elementor-post__read-more\" href=\"https:\/\/www.estradarealfm.com.br\/909\/lavras-policia-investiga-mais-de-250-lavrenses-suspeitos-de-integrarem-esquema-de-compra-de-cnh\/\" >\n\t\t\t\tLeia mais \u00bb\t\t\t<\/a>\n\t\t\t\t<\/div>\n\t\t\t\t<\/article>\n\t\t\t\t<article class=\"elementor-post elementor-grid-item post-115 post type-post status-publish format-standard has-post-thumbnail hentry category-noticias\">\n\t\t\t\t<a class=\"elementor-post__thumbnail__link\" href=\"https:\/\/www.estradarealfm.com.br\/909\/ultimo-trecho-dos-caminhos-de-sao-tiago-foi-inaugurado-no-domingo\/\" >\n\t\t\t<div class=\"elementor-post__thumbnail\"><img width=\"320\" height=\"199\" src=\"https:\/\/www.estradarealfm.com.br\/909\/wp-content\/uploads\/2021\/08\/img3.png\" class=\"attachment-full size-full\" alt=\"\" loading=\"lazy\" srcset=\"https:\/\/www.estradarealfm.com.br\/909\/wp-content\/uploads\/2021\/08\/img3.png 320w, https:\/\/www.estradarealfm.com.br\/909\/wp-content\/uploads\/2021\/08\/img3-300x187.png 300w\" sizes=\"(max-width: 320px) 100vw, 320px\" \/><\/div>\n\t\t<\/a>\n\t\t\t\t<div class=\"elementor-post__text\">\n\t\t\t\t<h3 class=\"elementor-post__title\">\n\t\t\t<a href=\"https:\/\/www.estradarealfm.com.br\/909\/ultimo-trecho-dos-caminhos-de-sao-tiago-foi-inaugurado-no-domingo\/\" >\n\t\t\t\t\u00daltimo trecho dos \u201cCaminhos de S\u00e3o Tiago\u201d foi inaugurado no domingo.\t\t\t<\/a>\n\t\t<\/h3>\n\t\t\t\t<div class=\"elementor-post__meta-data\">\n\t\t\t\t\t<span class=\"elementor-post-date\">\n\t\t\tAgosto 20, 2021\t\t<\/span>\n\t\t\t\t<span class=\"elementor-post-avatar\">\n\t\t\tSem coment\u00e1rios\t\t<\/span>\n\t\t\t\t<\/div>\n\t\t\t\t<div class=\"elementor-post__excerpt\">\n\t\t\t<p>No domingo, dia 25 de julho, aconteceu o \u00faltimo lan\u00e7amento do \u201cCaminhos de S\u00e3o Tiago\u201d. Em Rit\u00e1polis, pela manh\u00e3, ocorreu a entrega dos s\u00edmbolos entre os prefeitos e dos passaportes<\/p>\n\t\t<\/div>\n\t\t\t\t\t<a class=\"elementor-post__read-more\" href=\"https:\/\/www.estradarealfm.com.br\/909\/ultimo-trecho-dos-caminhos-de-sao-tiago-foi-inaugurado-no-domingo\/\" >\n\t\t\t\tLeia mais \u00bb\t\t\t<\/a>\n\t\t\t\t<\/div>\n\t\t\t\t<\/article>\n\t\t\t\t<article class=\"elementor-post elementor-grid-item post-113 post type-post status-publish format-standard has-post-thumbnail hentry category-noticias\">\n\t\t\t\t<a class=\"elementor-post__thumbnail__link\" href=\"https:\/\/www.estradarealfm.com.br\/909\/ouro-branco-realiza-seminario-de-boas-praticas-e-modernizacao-da-gestao-publica\/\" >\n\t\t\t<div class=\"elementor-post__thumbnail\"><img width=\"320\" height=\"199\" src=\"https:\/\/www.estradarealfm.com.br\/909\/wp-content\/uploads\/2021\/08\/img2.png\" class=\"attachment-full size-full\" alt=\"\" loading=\"lazy\" srcset=\"https:\/\/www.estradarealfm.com.br\/909\/wp-content\/uploads\/2021\/08\/img2.png 320w, https:\/\/www.estradarealfm.com.br\/909\/wp-content\/uploads\/2021\/08\/img2-300x187.png 300w\" sizes=\"(max-width: 320px) 100vw, 320px\" \/><\/div>\n\t\t<\/a>\n\t\t\t\t<div class=\"elementor-post__text\">\n\t\t\t\t<h3 class=\"elementor-post__title\">\n\t\t\t<a href=\"https:\/\/www.estradarealfm.com.br\/909\/ouro-branco-realiza-seminario-de-boas-praticas-e-modernizacao-da-gestao-publica\/\" >\n\t\t\t\tOuro Branco realiza Semin\u00e1rio de Boas Pr\u00e1ticas e Moderniza\u00e7\u00e3o da Gest\u00e3o P\u00fablica.\t\t\t<\/a>\n\t\t<\/h3>\n\t\t\t\t<div class=\"elementor-post__meta-data\">\n\t\t\t\t\t<span class=\"elementor-post-date\">\n\t\t\tAgosto 20, 2021\t\t<\/span>\n\t\t\t\t<span class=\"elementor-post-avatar\">\n\t\t\tSem coment\u00e1rios\t\t<\/span>\n\t\t\t\t<\/div>\n\t\t\t\t<div class=\"elementor-post__excerpt\">\n\t\t\t<p>Evento contou com participa\u00e7\u00e3o de mais de 30 cidades e teve enfoque no desenvolvimento regional por tecnologias inteligentes No dia 28 de julho, a Prefeitura de Ouro Branco realizou o<\/p>\n\t\t<\/div>\n\t\t\t\t\t<a class=\"elementor-post__read-more\" href=\"https:\/\/www.estradarealfm.com.br\/909\/ouro-branco-realiza-seminario-de-boas-praticas-e-modernizacao-da-gestao-publica\/\" >\n\t\t\t\tLeia mais \u00bb\t\t\t<\/a>\n\t\t\t\t<\/div>\n\t\t\t\t<\/article>\n\t\t\t\t<article class=\"elementor-post elementor-grid-item post-107 post type-post status-publish format-standard has-post-thumbnail hentry category-noticias\">\n\t\t\t\t<a class=\"elementor-post__thumbnail__link\" href=\"https:\/\/www.estradarealfm.com.br\/909\/museu-de-congonhas-prepara-retomada-gradual-das-atividades-presenciais\/\" >\n\t\t\t<div class=\"elementor-post__thumbnail\"><img width=\"320\" height=\"199\" src=\"https:\/\/www.estradarealfm.com.br\/909\/wp-content\/uploads\/2021\/08\/img1.png\" class=\"attachment-full size-full\" alt=\"\" loading=\"lazy\" srcset=\"https:\/\/www.estradarealfm.com.br\/909\/wp-content\/uploads\/2021\/08\/img1.png 320w, https:\/\/www.estradarealfm.com.br\/909\/wp-content\/uploads\/2021\/08\/img1-300x187.png 300w\" sizes=\"(max-width: 320px) 100vw, 320px\" \/><\/div>\n\t\t<\/a>\n\t\t\t\t<div class=\"elementor-post__text\">\n\t\t\t\t<h3 class=\"elementor-post__title\">\n\t\t\t<a href=\"https:\/\/www.estradarealfm.com.br\/909\/museu-de-congonhas-prepara-retomada-gradual-das-atividades-presenciais\/\" >\n\t\t\t\tMuseu de Congonhas prepara retomada gradual das atividades presenciais.\t\t\t<\/a>\n\t\t<\/h3>\n\t\t\t\t<div class=\"elementor-post__meta-data\">\n\t\t\t\t\t<span class=\"elementor-post-date\">\n\t\t\tAgosto 20, 2021\t\t<\/span>\n\t\t\t\t<span class=\"elementor-post-avatar\">\n\t\t\tSem coment\u00e1rios\t\t<\/span>\n\t\t\t\t<\/div>\n\t\t\t\t<div class=\"elementor-post__excerpt\">\n\t\t\t<p>Com a conquista do Selo Evento Seguro, do Governo de Minas Gerais, o museu voltar\u00e1 aos poucos com seus eventos. A entrada de Congonhas na Onda Amarela do Plano Minas<\/p>\n\t\t<\/div>\n\t\t\t\t\t<a class=\"elementor-post__read-more\" href=\"https:\/\/www.estradarealfm.com.br\/909\/museu-de-congonhas-prepara-retomada-gradual-das-atividades-presenciais\/\" >\n\t\t\t\tLeia mais \u00bb\t\t\t<\/a>\n\t\t\t\t<\/div>\n\t\t\t\t<\/article>\n\t\t\t\t<\/div>\n\n\n\t\t\n\t\t\t\t<\/div>\n\t\t\t\t<\/div>\n\t\t\t\t\t\t<\/div>\n\t\t\t\t\t<\/div>\n\t\t<\/div>\n\t\t\t\t<div class=\"elementor-column elementor-col-33 elementor-top-column elementor-element elementor-element-913c665\" data-id=\"913c665\" data-element_type=\"column\">\n\t\t\t<div class=\"elementor-column-wrap\">\n\t\t\t\t\t\t\t<div class=\"elementor-widget-wrap\">\n\t\t\t\t\t\t\t\t<\/div>\n\t\t\t\t\t<\/div>\n\t\t<\/div>\n\t\t\t\t\t\t\t\t<\/div>\n\t\t\t\t\t<\/div>\n\t\t<\/section>\n\t\t\t\t\t\t<\/div>\n\t\t\t\t\t\t<\/div>\n\t\t\t\t\t<\/div>\n\t\t","protected":false},"excerpt":{"rendered":"<p>Not\u00edcias<\/p>\n","protected":false},"author":1,"featured_media":0,"parent":0,"menu_order":0,"comment_status":"closed","ping_status":"closed","template":"","meta":[],"_links":{"self":[{"href":"https:\/\/www.estradarealfm.com.br\/909\/wp-json\/wp\/v2\/pages\/81"}],"collection":[{"href":"https:\/\/www.estradarealfm.com.br\/909\/wp-json\/wp\/v2\/pages"}],"about":[{"href":"https:\/\/www.estradarealfm.com.br\/909\/wp-json\/wp\/v2\/types\/page"}],"author":[{"embeddable":true,"href":"https:\/\/www.estradarealfm.com.br\/909\/wp-json\/wp\/v2\/users\/1"}],"replies":[{"embeddable":true,"href":"https:\/\/www.estradarealfm.com.br\/909\/wp-json\/wp\/v2\/comments?post=81"}],"version-history":[{"count":31,"href":"https:\/\/www.estradarealfm.com.br\/909\/wp-json\/wp\/v2\/pages\/81\/revisions"}],"predecessor-version":[{"id":1287,"href":"https:\/\/www.estradarealfm.com.br\/909\/wp-json\/wp\/v2\/pages\/81\/revisions\/1287"}],"wp:attachment":[{"href":"https:\/\/www.estradarealfm.com.br\/909\/wp-json\/wp\/v2\/media?parent=81"}],"curies":[{"name":"wp","href":"https:\/\/api.w.org\/{rel}","templated":true}]}}